{"id":96,"date":"2019-10-06T19:28:15","date_gmt":"2019-10-06T19:28:15","guid":{"rendered":"http:\/\/fahr-laessig.net\/?page_id=96"},"modified":"2019-12-13T15:03:37","modified_gmt":"2019-12-13T13:03:37","slug":"ausgebaut","status":"publish","type":"page","link":"http:\/\/fahr-laessig.net\/?page_id=96","title":{"rendered":"Ausgebaut"},"content":{"rendered":"\n<p>\nWir wohnen in einer kuscheligen, individuell geschnittenen \nDreiraumwohnung mit zahlreichen Highlights. Sie besitzt ein sehr \ngem\u00fctliches Schlafzimmer mit bequemer Wohlf\u00fchlbettlandschaft und \npraktischen Einbauschr\u00e4nken. Daneben befindet sich ein sch\u00f6nes \nWohnzimmer mit offener K\u00fcche. Die durchdachte Wohn- Esskombination \ngl\u00e4nzt durch ihre Funktionalit\u00e4t und den nagelneuen Gasherd, eine fest \ninstallierte Sitzbank l\u00e4dt zum Verweilen ein. Das Arbeits- und \nLesezimmer hat einen 180 Grad Panoramablick, den man auf einer \nformidablen Sitzbank genie\u00dfen kann. Ein kompaktes Kellerabteil, sowie \nder Dachboden erg\u00e4nzen den ultmativen Stauraum und sind mit einer gut \nsortierten Spielesammlung best\u00fcckt. Hervorzuheben ist der weitr\u00e4umige \nund abwechslungsreich gestaltete Au\u00dfenbereich. \n\n<\/p>\n\n\n\n<figure class=\"is-layout-flex wp-block-gallery-1 wp-block-gallery columns-3 is-cropped aligncenter\"><ul class=\"blocks-gallery-grid\"><li class=\"blocks-gallery-item\"><figure><a href=\"http:\/\/fahr-laessig.net\/wp-content\/uploads\/2019\/10\/citroen_jumper_l2.jpg\"><img decoding=\"async\" loading=\"lazy\" width=\"823\" height=\"454\" src=\"http:\/\/fahr-laessig.net\/wp-content\/uploads\/2019\/10\/citroen_jumper_l2.jpg\" alt=\"\" data-id=\"94\" data-link=\"http:\/\/fahr-laessig.net\/?attachment_id=94\" class=\"wp-image-94\" srcset=\"http:\/\/fahr-laessig.net\/wp-content\/uploads\/2019\/10\/citroen_jumper_l2.jpg 823w, http:\/\/fahr-laessig.net\/wp-content\/uploads\/2019\/10\/citroen_jumper_l2-300x165.jpg 300w, http:\/\/fahr-laessig.net\/wp-content\/uploads\/2019\/10\/citroen_jumper_l2-768x424.jpg 768w, http:\/\/fahr-laessig.net\/wp-content\/uploads\/2019\/10\/citroen_jumper_l2-460x254.jpg 460w, http:\/\/fahr-laessig.net\/wp-content\/uploads\/2019\/10\/citroen_jumper_l2-688x380.jpg 688w\" sizes=\"(max-width: 823px) 100vw, 823px\" \/><\/a><\/figure><\/li><li class=\"blocks-gallery-item\"><figure><a href=\"http:\/\/fahr-laessig.net\/wp-content\/uploads\/2019\/10\/MG_8906.jpg\"><img decoding=\"async\" loading=\"lazy\" width=\"799\" height=\"533\" src=\"http:\/\/fahr-laessig.net\/wp-content\/uploads\/2019\/10\/MG_8906.jpg\" alt=\"\" data-id=\"103\" data-link=\"http:\/\/fahr-laessig.net\/?attachment_id=103\" class=\"wp-image-103\" srcset=\"http:\/\/fahr-laessig.net\/wp-content\/uploads\/2019\/10\/MG_8906.jpg 799w, http:\/\/fahr-laessig.net\/wp-content\/uploads\/2019\/10\/MG_8906-300x200.jpg 300w, http:\/\/fahr-laessig.net\/wp-content\/uploads\/2019\/10\/MG_8906-768x512.jpg 768w, http:\/\/fahr-laessig.net\/wp-content\/uploads\/2019\/10\/MG_8906-600x400.jpg 600w, http:\/\/fahr-laessig.net\/wp-content\/uploads\/2019\/10\/MG_8906-460x307.jpg 460w, http:\/\/fahr-laessig.net\/wp-content\/uploads\/2019\/10\/MG_8906-688x459.jpg 688w\" sizes=\"(max-width: 799px) 100vw, 799px\" \/><\/a><\/figure><\/li><li class=\"blocks-gallery-item\"><figure><a href=\"http:\/\/fahr-laessig.net\/wp-content\/uploads\/2019\/10\/MG_8911.jpg\"><img decoding=\"async\" loading=\"lazy\" width=\"800\" height=\"533\" src=\"http:\/\/fahr-laessig.net\/wp-content\/uploads\/2019\/10\/MG_8911.jpg\" alt=\"\" data-id=\"105\" data-link=\"http:\/\/fahr-laessig.net\/?attachment_id=105\" class=\"wp-image-105\" srcset=\"http:\/\/fahr-laessig.net\/wp-content\/uploads\/2019\/10\/MG_8911.jpg 800w, http:\/\/fahr-laessig.net\/wp-content\/uploads\/2019\/10\/MG_8911-300x200.jpg 300w, http:\/\/fahr-laessig.net\/wp-content\/uploads\/2019\/10\/MG_8911-768x512.jpg 768w, http:\/\/fahr-laessig.net\/wp-content\/uploads\/2019\/10\/MG_8911-600x400.jpg 600w, http:\/\/fahr-laessig.net\/wp-content\/uploads\/2019\/10\/MG_8911-460x306.jpg 460w, http:\/\/fahr-laessig.net\/wp-content\/uploads\/2019\/10\/MG_8911-688x458.jpg 688w\" sizes=\"(max-width: 800px) 100vw, 800px\" \/><\/a><\/figure><\/li><li class=\"blocks-gallery-item\"><figure><a href=\"http:\/\/fahr-laessig.net\/wp-content\/uploads\/2019\/10\/MG_8910.jpg\"><img decoding=\"async\" loading=\"lazy\" width=\"800\" height=\"533\" src=\"http:\/\/fahr-laessig.net\/wp-content\/uploads\/2019\/10\/MG_8910.jpg\" alt=\"\" data-id=\"104\" data-link=\"http:\/\/fahr-laessig.net\/?attachment_id=104\" class=\"wp-image-104\" srcset=\"http:\/\/fahr-laessig.net\/wp-content\/uploads\/2019\/10\/MG_8910.jpg 800w, http:\/\/fahr-laessig.net\/wp-content\/uploads\/2019\/10\/MG_8910-300x200.jpg 300w, http:\/\/fahr-laessig.net\/wp-content\/uploads\/2019\/10\/MG_8910-768x512.jpg 768w, http:\/\/fahr-laessig.net\/wp-content\/uploads\/2019\/10\/MG_8910-600x400.jpg 600w, http:\/\/fahr-laessig.net\/wp-content\/uploads\/2019\/10\/MG_8910-460x306.jpg 460w, http:\/\/fahr-laessig.net\/wp-content\/uploads\/2019\/10\/MG_8910-688x458.jpg 688w\" sizes=\"(max-width: 800px) 100vw, 800px\" \/><\/a><\/figure><\/li><li class=\"blocks-gallery-item\"><figure><a href=\"http:\/\/fahr-laessig.net\/wp-content\/uploads\/2019\/10\/MG_8902.jpg\"><img decoding=\"async\" loading=\"lazy\" width=\"800\" height=\"533\" src=\"http:\/\/fahr-laessig.net\/wp-content\/uploads\/2019\/10\/MG_8902.jpg\" alt=\"\" data-id=\"102\" data-link=\"http:\/\/fahr-laessig.net\/?attachment_id=102\" class=\"wp-image-102\" srcset=\"http:\/\/fahr-laessig.net\/wp-content\/uploads\/2019\/10\/MG_8902.jpg 800w, http:\/\/fahr-laessig.net\/wp-content\/uploads\/2019\/10\/MG_8902-300x200.jpg 300w, http:\/\/fahr-laessig.net\/wp-content\/uploads\/2019\/10\/MG_8902-768x512.jpg 768w, http:\/\/fahr-laessig.net\/wp-content\/uploads\/2019\/10\/MG_8902-600x400.jpg 600w, http:\/\/fahr-laessig.net\/wp-content\/uploads\/2019\/10\/MG_8902-460x306.jpg 460w, http:\/\/fahr-laessig.net\/wp-content\/uploads\/2019\/10\/MG_8902-688x458.jpg 688w\" sizes=\"(max-width: 800px) 100vw, 800px\" \/><\/a><\/figure><\/li><li class=\"blocks-gallery-item\"><figure><a href=\"http:\/\/fahr-laessig.net\/wp-content\/uploads\/2019\/10\/MG_8900.jpg\"><img decoding=\"async\" loading=\"lazy\" width=\"800\" height=\"533\" src=\"http:\/\/fahr-laessig.net\/wp-content\/uploads\/2019\/10\/MG_8900.jpg\" alt=\"\" data-id=\"101\" data-link=\"http:\/\/fahr-laessig.net\/?attachment_id=101\" class=\"wp-image-101\" srcset=\"http:\/\/fahr-laessig.net\/wp-content\/uploads\/2019\/10\/MG_8900.jpg 800w, http:\/\/fahr-laessig.net\/wp-content\/uploads\/2019\/10\/MG_8900-300x200.jpg 300w, http:\/\/fahr-laessig.net\/wp-content\/uploads\/2019\/10\/MG_8900-768x512.jpg 768w, http:\/\/fahr-laessig.net\/wp-content\/uploads\/2019\/10\/MG_8900-600x400.jpg 600w, http:\/\/fahr-laessig.net\/wp-content\/uploads\/2019\/10\/MG_8900-460x306.jpg 460w, http:\/\/fahr-laessig.net\/wp-content\/uploads\/2019\/10\/MG_8900-688x458.jpg 688w\" sizes=\"(max-width: 800px) 100vw, 800px\" \/><\/a><\/figure><\/li><li class=\"blocks-gallery-item\"><figure><a href=\"http:\/\/fahr-laessig.net\/wp-content\/uploads\/2019\/10\/MG_9135.jpg\"><img decoding=\"async\" loading=\"lazy\" width=\"800\" height=\"533\" src=\"http:\/\/fahr-laessig.net\/wp-content\/uploads\/2019\/10\/MG_9135.jpg\" alt=\"\" data-id=\"143\" data-link=\"http:\/\/fahr-laessig.net\/?attachment_id=143\" class=\"wp-image-143\" srcset=\"http:\/\/fahr-laessig.net\/wp-content\/uploads\/2019\/10\/MG_9135.jpg 800w, http:\/\/fahr-laessig.net\/wp-content\/uploads\/2019\/10\/MG_9135-300x200.jpg 300w, http:\/\/fahr-laessig.net\/wp-content\/uploads\/2019\/10\/MG_9135-768x512.jpg 768w, http:\/\/fahr-laessig.net\/wp-content\/uploads\/2019\/10\/MG_9135-600x400.jpg 600w, http:\/\/fahr-laessig.net\/wp-content\/uploads\/2019\/10\/MG_9135-460x306.jpg 460w, http:\/\/fahr-laessig.net\/wp-content\/uploads\/2019\/10\/MG_9135-688x458.jpg 688w\" sizes=\"(max-width: 800px) 100vw, 800px\" \/><\/a><\/figure><\/li><\/ul><\/figure>\n","protected":false},"excerpt":{"rendered":"<p>Wir wohnen in einer kuscheligen, individuell geschnittenen Dreiraumwohnung mit zahlreichen Highlights. Sie besitzt ein sehr gem\u00fctliches Schlafzimmer mit bequemer Wohlf\u00fchlbettlandschaft und praktischen Einbauschr\u00e4nken. Daneben befindet sich ein sch\u00f6nes Wohnzimmer mit offener K\u00fcche. Die durchdachte Wohn- Esskombination gl\u00e4nzt durch ihre Funktionalit\u00e4t und den nagelneuen Gasherd, eine fest installierte Sitzbank l\u00e4dt zum Verweilen ein. Das Arbeits- und [&hellip;]<\/p>\n","protected":false},"author":1,"featured_media":0,"parent":0,"menu_order":0,"comment_status":"closed","ping_status":"closed","template":"","meta":[],"_links":{"self":[{"href":"http:\/\/fahr-laessig.net\/index.php?rest_route=\/wp\/v2\/pages\/96"}],"collection":[{"href":"http:\/\/fahr-laessig.net\/index.php?rest_route=\/wp\/v2\/pages"}],"about":[{"href":"http:\/\/fahr-laessig.net\/index.php?rest_route=\/wp\/v2\/types\/page"}],"author":[{"embeddable":true,"href":"http:\/\/fahr-laessig.net\/index.php?rest_route=\/wp\/v2\/users\/1"}],"replies":[{"embeddable":true,"href":"http:\/\/fahr-laessig.net\/index.php?rest_route=%2Fwp%2Fv2%2Fcomments&post=96"}],"version-history":[{"count":7,"href":"http:\/\/fahr-laessig.net\/index.php?rest_route=\/wp\/v2\/pages\/96\/revisions"}],"predecessor-version":[{"id":609,"href":"http:\/\/fahr-laessig.net\/index.php?rest_route=\/wp\/v2\/pages\/96\/revisions\/609"}],"wp:attachment":[{"href":"http:\/\/fahr-laessig.net\/index.php?rest_route=%2Fwp%2Fv2%2Fmedia&parent=96"}],"curies":[{"name":"wp","href":"https:\/\/api.w.org\/{rel}","templated":true}]}}