{"id":737,"date":"2020-01-07T20:43:01","date_gmt":"2020-01-07T18:43:01","guid":{"rendered":"http:\/\/fahr-laessig.net\/?page_id=737"},"modified":"2020-03-03T22:25:43","modified_gmt":"2020-03-03T20:25:43","slug":"portugal","status":"publish","type":"page","link":"http:\/\/fahr-laessig.net\/?page_id=737","title":{"rendered":"Portugal"},"content":{"rendered":"\n<p>Seitdem wir in Nordportugal \u00fcber die Grenze fuhren, begleitet uns unser neuer Mitreisender, Mi\u00f1o, unser Buskater. Die Sonne Portugals begr\u00fc\u00dfte uns zum Jahreswechsel 2019 \/ 2020 und so f\u00fchrte unser Weg in den S\u00fcden an die Algarve. <\/p>\n\n\n\n<figure class=\"wp-block-image size-large is-resized\"><img decoding=\"async\" loading=\"lazy\" src=\"http:\/\/fahr-laessig.net\/wp-content\/uploads\/2020\/01\/MG_0763-1024x683.jpg\" alt=\"\" class=\"wp-image-751\" width=\"512\" height=\"342\" srcset=\"http:\/\/fahr-laessig.net\/wp-content\/uploads\/2020\/01\/MG_0763-1024x683.jpg 1024w, http:\/\/fahr-laessig.net\/wp-content\/uploads\/2020\/01\/MG_0763-300x200.jpg 300w, http:\/\/fahr-laessig.net\/wp-content\/uploads\/2020\/01\/MG_0763-768x512.jpg 768w, http:\/\/fahr-laessig.net\/wp-content\/uploads\/2020\/01\/MG_0763-600x400.jpg 600w, http:\/\/fahr-laessig.net\/wp-content\/uploads\/2020\/01\/MG_0763-460x307.jpg 460w, http:\/\/fahr-laessig.net\/wp-content\/uploads\/2020\/01\/MG_0763-688x459.jpg 688w, http:\/\/fahr-laessig.net\/wp-content\/uploads\/2020\/01\/MG_0763.jpg 1200w\" sizes=\"(max-width: 512px) 100vw, 512px\" \/><\/figure>\n\n\n<ul class=\"wp-block-latest-posts__list wp-block-latest-posts\"><li><a class=\"wp-block-latest-posts__post-title\" href=\"http:\/\/fahr-laessig.net\/?p=511\">Nordportugiesische K\u00fcste<\/a><\/li>\n<li><a class=\"wp-block-latest-posts__post-title\" href=\"http:\/\/fahr-laessig.net\/?p=521\">Aveiro<\/a><\/li>\n<li><a class=\"wp-block-latest-posts__post-title\" href=\"http:\/\/fahr-laessig.net\/?p=540\">Coimbra<\/a><\/li>\n<li><a class=\"wp-block-latest-posts__post-title\" href=\"http:\/\/fahr-laessig.net\/?p=571\">Conimbriga<\/a><\/li>\n<li><a class=\"wp-block-latest-posts__post-title\" href=\"http:\/\/fahr-laessig.net\/?p=542\">Castelo Templ\u00e1rio e Convento de Cristo<\/a><\/li>\n<li><a class=\"wp-block-latest-posts__post-title\" href=\"http:\/\/fahr-laessig.net\/?p=554\">Sintra<\/a><\/li>\n<li><a class=\"wp-block-latest-posts__post-title\" href=\"http:\/\/fahr-laessig.net\/?p=544\">Lisboa<\/a><\/li>\n<li><a class=\"wp-block-latest-posts__post-title\" href=\"http:\/\/fahr-laessig.net\/?p=604\">Santiago do Cac\u00e9m<\/a><\/li>\n<li><a class=\"wp-block-latest-posts__post-title\" href=\"http:\/\/fahr-laessig.net\/?p=655\">Forte de Pessegueiro<\/a><\/li>\n<li><a class=\"wp-block-latest-posts__post-title\" href=\"http:\/\/fahr-laessig.net\/?p=703\">Silves<\/a><\/li>\n<li><a class=\"wp-block-latest-posts__post-title\" href=\"http:\/\/fahr-laessig.net\/?p=546\">El Ni\u00f1o Mi\u00f1o<\/a><\/li>\n<li><a class=\"wp-block-latest-posts__post-title\" href=\"http:\/\/fahr-laessig.net\/?p=730\">Serra de Monchique<\/a><\/li>\n<li><a class=\"wp-block-latest-posts__post-title\" href=\"http:\/\/fahr-laessig.net\/?p=768\">Costa Alentejana<\/a><\/li>\n<li><a class=\"wp-block-latest-posts__post-title\" href=\"http:\/\/fahr-laessig.net\/?p=797\">Vila Nova de Milfontes<\/a><\/li>\n<li><a class=\"wp-block-latest-posts__post-title\" href=\"http:\/\/fahr-laessig.net\/?p=829\">Costa Vicentina<\/a><\/li>\n<li><a class=\"wp-block-latest-posts__post-title\" href=\"http:\/\/fahr-laessig.net\/?p=811\">Das Ende Europas<\/a><\/li>\n<li><a class=\"wp-block-latest-posts__post-title\" href=\"http:\/\/fahr-laessig.net\/?p=831\">Fortaleza de Sagres<\/a><\/li>\n<li><a class=\"wp-block-latest-posts__post-title\" href=\"http:\/\/fahr-laessig.net\/?p=663\">Betongold an der Algarve<\/a><\/li>\n<li><a class=\"wp-block-latest-posts__post-title\" href=\"http:\/\/fahr-laessig.net\/?p=886\">Tavira und Ria Formosa<\/a><\/li>\n<li><a class=\"wp-block-latest-posts__post-title\" href=\"http:\/\/fahr-laessig.net\/?p=902\">Castro Marim<\/a><\/li>\n<\/ul>","protected":false},"excerpt":{"rendered":"<p>Seitdem wir in Nordportugal \u00fcber die Grenze fuhren, begleitet uns unser neuer Mitreisender, Mi\u00f1o, unser Buskater. Die Sonne Portugals begr\u00fc\u00dfte uns zum Jahreswechsel 2019 \/ 2020 und so f\u00fchrte unser Weg in den S\u00fcden an die Algarve.<\/p>\n","protected":false},"author":1,"featured_media":0,"parent":0,"menu_order":0,"comment_status":"closed","ping_status":"closed","template":"","meta":[],"_links":{"self":[{"href":"http:\/\/fahr-laessig.net\/index.php?rest_route=\/wp\/v2\/pages\/737"}],"collection":[{"href":"http:\/\/fahr-laessig.net\/index.php?rest_route=\/wp\/v2\/pages"}],"about":[{"href":"http:\/\/fahr-laessig.net\/index.php?rest_route=\/wp\/v2\/types\/page"}],"author":[{"embeddable":true,"href":"http:\/\/fahr-laessig.net\/index.php?rest_route=\/wp\/v2\/users\/1"}],"replies":[{"embeddable":true,"href":"http:\/\/fahr-laessig.net\/index.php?rest_route=%2Fwp%2Fv2%2Fcomments&post=737"}],"version-history":[{"count":7,"href":"http:\/\/fahr-laessig.net\/index.php?rest_route=\/wp\/v2\/pages\/737\/revisions"}],"predecessor-version":[{"id":951,"href":"http:\/\/fahr-laessig.net\/index.php?rest_route=\/wp\/v2\/pages\/737\/revisions\/951"}],"wp:attachment":[{"href":"http:\/\/fahr-laessig.net\/index.php?rest_route=%2Fwp%2Fv2%2Fmedia&parent=737"}],"curies":[{"name":"wp","href":"https:\/\/api.w.org\/{rel}","templated":true}]}}